{"id":210,"date":"2021-01-16T21:06:36","date_gmt":"2021-01-16T23:06:36","guid":{"rendered":"https:\/\/quadrioarts.com.br\/?page_id=210"},"modified":"2021-02-12T23:32:23","modified_gmt":"2021-02-13T01:32:23","slug":"cursos","status":"publish","type":"page","link":"https:\/\/quadrioarts.com.br\/pt_br\/cursos\/","title":{"rendered":"Cursos"},"content":{"rendered":"<div id=\"pl-210\"  class=\"panel-layout\" ><div id=\"pg-210-0\"  class=\"panel-grid panel-has-style\" ><div class=\"panel-row-style panel-row-style-for-210-0\" ><div id=\"pgc-210-0-0\"  class=\"panel-grid-cell\" ><div id=\"panel-210-0-0-0\" class=\"so-panel widget widget_siteorigin-panels-postloop panel-first-child panel-last-child\" data-index=\"0\" >\n\n\t<div class=\"blog-layout-grid\">\n\t\t\n<article id=\"post-219\" class=\"archive-entry post-219 post type-post status-publish format-standard has-post-thumbnail hentry category-cursos\">\n\n\t\t\t<div class=\"entry-thumbnail\">\n\t\t\t\t\t\t\t<a href=\"https:\/\/quadrioarts.com.br\/pt_br\/2021\/01\/16\/desenho-basico\/\">\n\t\t\t\t\t<img loading=\"lazy\" decoding=\"async\" width=\"360\" height=\"238\" src=\"https:\/\/quadrioarts.com.br\/wp-content\/uploads\/2021\/01\/curso-desenho-basico-360x238.png\" class=\"aligncenter wp-post-image\" alt=\"\" srcset=\"https:\/\/quadrioarts.com.br\/wp-content\/uploads\/2021\/01\/curso-desenho-basico-360x238.png 360w, https:\/\/quadrioarts.com.br\/wp-content\/uploads\/2021\/01\/curso-desenho-basico-263x174.png 263w\" sizes=\"auto, (max-width: 360px) 100vw, 360px\" \/>\t\t\t\t<\/a>\n\t\t\t\n\t\t\t\t\t<\/div>\n\t\n\t<header class=\"entry-header\">\n\t\t<h2 class=\"titulo-tijolo-cursos entry-title\"><a href=\"https:\/\/quadrioarts.com.br\/pt_br\/2021\/01\/16\/desenho-basico\/\" rel=\"bookmark\">Desenho B\u00e1sico<\/a><\/h2>\t<\/header><!-- .entry-header -->\n\n\t<div class=\"entry-content\">\n\t\t<p>O princ\u00edpio de tudo! Em 24 aulas (aproximadamente 6 meses) aprenda os fundamentos do desenho atrav\u00e9s uma metodologia simples e pr\u00e1tica. Ao final do curso, o aluno ser\u00e1 capaz de realizar desenhos de observa\u00e7\u00e3o utilizando t\u00e9cnicas de medi\u00e7\u00e3o e simula\u00e7\u00e3o de volume e texturas...<\/p>\t\t\n                        \n\n                    <div class=\"valor-mensal\"> Valor Mensal: R$ 300,00 (Aulas Online)\r\n<\/div>\n        \n                    <div class=\"valor-total\"> Valor Total: R$ 1800,00 (Curso Online)\r\n<\/div>\n                \n                <a href= \"https:\/\/api.whatsapp.com\/send?phone=5511998078933&text=Ol%C3%A1!%20Tudo%20bom?%20Voc%C3%AA%20entrou%20em%20contato%20para%20saber%20mais%20sobre%20o%20curso%20de%20Desenho%20B%C3%A1sico.%20Como%20eu%20posso%20te%20ajudar?\" target=\"_blank\">\n            <div class=\"whatsapp\">Saiba mais<\/div>\n        <\/a>\n        \t<\/div><!-- .entry-content -->\n\n<\/article>\n\n<article id=\"post-365\" class=\"archive-entry post-365 post type-post status-publish format-standard has-post-thumbnail hentry category-cursos\">\n\n\t\t\t<div class=\"entry-thumbnail\">\n\t\t\t\t\t\t\t<a href=\"https:\/\/quadrioarts.com.br\/pt_br\/2021\/02\/12\/pintura-em-tela\/\">\n\t\t\t\t\t<img loading=\"lazy\" decoding=\"async\" width=\"360\" height=\"238\" src=\"https:\/\/quadrioarts.com.br\/wp-content\/uploads\/2020\/11\/freddie-mercury-e1697827768740-360x238.jpeg\" class=\"aligncenter wp-post-image\" alt=\"\" srcset=\"https:\/\/quadrioarts.com.br\/wp-content\/uploads\/2020\/11\/freddie-mercury-e1697827768740-360x238.jpeg 360w, https:\/\/quadrioarts.com.br\/wp-content\/uploads\/2020\/11\/freddie-mercury-e1697827768740-263x174.jpeg 263w, https:\/\/quadrioarts.com.br\/wp-content\/uploads\/2020\/11\/freddie-mercury-e1697827768740-18x12.jpeg 18w\" sizes=\"auto, (max-width: 360px) 100vw, 360px\" \/>\t\t\t\t<\/a>\n\t\t\t\n\t\t\t\t\t<\/div>\n\t\n\t<header class=\"entry-header\">\n\t\t<h2 class=\"titulo-tijolo-cursos entry-title\"><a href=\"https:\/\/quadrioarts.com.br\/pt_br\/2021\/02\/12\/pintura-em-tela\/\" rel=\"bookmark\">Pintura em tela<\/a><\/h2>\t<\/header><!-- .entry-header -->\n\n\t<div class=\"entry-content\">\n\t\t<p>A arte dos Grandes Mestres! S\u00e3o 30 aulas (aproximadamente 7 meses) onde o aluno aprende as principais t\u00e9cnicas de pintura em tela, bem como estruturar a composi\u00e7\u00e3o e trabalhar com cores. O aluno escolhe utilizar \u00f3leo ou tinta acr\u00edlica....<\/p>\t\t\n                        \n\n                    <div class=\"valor-mensal\"> Valor Mensal: R$ 300,00 (Aulas Online)<\/div>\n        \n                    <div class=\"valor-total\"> Valor Total: R$ 1800,00 (Curso Online)<\/div>\n                \n                <a href= \"https:\/\/api.whatsapp.com\/send?phone=5511998078933&text=Ol%C3%A1!%20Tudo%20bom?%20Voc%C3%AA%20entrou%20em%20contato%20para%20saber%20mais%20sobre%20o%20curso%20de%20Desenho%20B%C3%A1sico.%20Como%20eu%20posso%20te%20ajudar?\" target=\"_blank\">\n            <div class=\"whatsapp\">Saiba mais<\/div>\n        <\/a>\n        \t<\/div><!-- .entry-content -->\n\n<\/article>\n\t<\/div><\/div><\/div><\/div><\/div><\/div>","protected":false},"excerpt":{"rendered":"<p>Desenho B\u00e1sico O princ\u00edpio de tudo! Em 24 aulas (aproximadamente 6 meses) aprenda os fundamentos do desenho atrav\u00e9s uma metodologia simples e pr\u00e1tica. Ao final do curso, o aluno ser\u00e1 capaz de realizar desenhos de observa\u00e7\u00e3o utilizando t\u00e9cnicas de medi\u00e7\u00e3o e simula\u00e7\u00e3o de volume e texturas&#8230; Valor Mensal: R$ 300,00 (Aulas Online) Valor Total: R$&hellip;<\/p>\n","protected":false},"author":1,"featured_media":0,"parent":0,"menu_order":0,"comment_status":"closed","ping_status":"closed","template":"","meta":{"footnotes":""},"class_list":["post-210","page","type-page","status-publish","hentry","post"],"_links":{"self":[{"href":"https:\/\/quadrioarts.com.br\/pt_br\/wp-json\/wp\/v2\/pages\/210","targetHints":{"allow":["GET"]}}],"collection":[{"href":"https:\/\/quadrioarts.com.br\/pt_br\/wp-json\/wp\/v2\/pages"}],"about":[{"href":"https:\/\/quadrioarts.com.br\/pt_br\/wp-json\/wp\/v2\/types\/page"}],"author":[{"embeddable":true,"href":"https:\/\/quadrioarts.com.br\/pt_br\/wp-json\/wp\/v2\/users\/1"}],"replies":[{"embeddable":true,"href":"https:\/\/quadrioarts.com.br\/pt_br\/wp-json\/wp\/v2\/comments?post=210"}],"version-history":[{"count":13,"href":"https:\/\/quadrioarts.com.br\/pt_br\/wp-json\/wp\/v2\/pages\/210\/revisions"}],"predecessor-version":[{"id":419,"href":"https:\/\/quadrioarts.com.br\/pt_br\/wp-json\/wp\/v2\/pages\/210\/revisions\/419"}],"wp:attachment":[{"href":"https:\/\/quadrioarts.com.br\/pt_br\/wp-json\/wp\/v2\/media?parent=210"}],"curies":[{"name":"wp","href":"https:\/\/api.w.org\/{rel}","templated":true}]}}