{"id":10,"date":"2020-11-14T19:03:05","date_gmt":"2020-11-14T21:03:05","guid":{"rendered":"https:\/\/quadrioarts.com.br\/?page_id=10"},"modified":"2020-12-12T20:09:32","modified_gmt":"2020-12-12T22:09:32","slug":"o-artista","status":"publish","type":"page","link":"https:\/\/quadrioarts.com.br\/pt_br\/o-artista\/","title":{"rendered":"O Artista"},"content":{"rendered":"<div id=\"pl-10\"  class=\"panel-layout\" ><div id=\"pg-10-0\"  class=\"panel-grid panel-no-style\" ><div id=\"pgc-10-0-0\"  class=\"panel-grid-cell\" ><div id=\"panel-10-0-0-0\" class=\"so-panel widget widget_media_image panel-first-child panel-last-child\" data-index=\"0\" ><img loading=\"lazy\" decoding=\"async\" width=\"800\" height=\"600\" src=\"https:\/\/quadrioarts.com.br\/wp-content\/uploads\/2020\/11\/luiz-beattles-edit.jpg\" class=\"image wp-image-11  attachment-full size-full\" alt=\"\" style=\"max-width: 100%; height: auto;\" srcset=\"https:\/\/quadrioarts.com.br\/wp-content\/uploads\/2020\/11\/luiz-beattles-edit.jpg 800w, https:\/\/quadrioarts.com.br\/wp-content\/uploads\/2020\/11\/luiz-beattles-edit-300x225.jpg 300w, https:\/\/quadrioarts.com.br\/wp-content\/uploads\/2020\/11\/luiz-beattles-edit-768x576.jpg 768w\" sizes=\"auto, (max-width: 800px) 100vw, 800px\" \/><\/div><\/div><div id=\"pgc-10-0-1\"  class=\"panel-grid-cell\" ><div id=\"panel-10-0-1-0\" class=\"so-panel widget widget_text panel-first-child panel-last-child\" data-index=\"1\" ><div class=\"panel-widget-style panel-widget-style-for-10-0-1-0\" >\t\t\t<div class=\"textwidget\"><p><span style=\"font-weight: 400;\"><strong>Luiz Quadrio<\/strong>. Artista pl\u00e1stico, formado em Artes Visuais pela FMU (Faculdade Metropolitanas Unidas),\u00a0 tatuador e atualmente professor de desenho e pintura no <\/span><i><span style=\"font-weight: 400;\">Atelier Luiz Siqueira \u2013 Escola de Arte<\/span><\/i><span style=\"font-weight: 400;\"> (nome provis\u00f3rio)\u00a0 <\/span><span style=\"font-weight: 400;\">Nasceu em 1988 na cidade de S\u00e3o Paulo. Iniciou seu estudo de desenho realista aos 16 anos como autodidata utilizando a metodologia baseada no livro Desenhando com o Lado Direito do C\u00e9rebro da professora Betty Edwards. E ap\u00f3s trabalhar como professor auxiliar do artista pl\u00e1stico Caio Santos, aprimorou seu conhecimento do desenho e foi introduzido \u00e0s t\u00e9cnicas de pintura em aquarela e \u00f3leo atrav\u00e9s da metodologia <em>Alfagrafia<\/em>.<\/span><\/p>\n<\/div>\n\t\t<\/div><\/div><\/div><\/div><div id=\"pg-10-1\"  class=\"panel-grid panel-has-style\" ><div class=\"so-parallax panel-row-style panel-row-style-for-10-1\" ><img fetchpriority=\"high\" decoding=\"async\" width=\"2200\" height=\"11828\" src=\"https:\/\/quadrioarts.com.br\/wp-content\/uploads\/2020\/12\/bg-parallax-4.jpg\" class=\"attachment-full size-full\" alt=\"\" data-siteorigin-parallax=\"true\" loading=\"eager\" srcset=\"https:\/\/quadrioarts.com.br\/wp-content\/uploads\/2020\/12\/bg-parallax-4.jpg 2200w, https:\/\/quadrioarts.com.br\/wp-content\/uploads\/2020\/12\/bg-parallax-4-768x4129.jpg 768w, https:\/\/quadrioarts.com.br\/wp-content\/uploads\/2020\/12\/bg-parallax-4-381x2048.jpg 381w\" sizes=\"(max-width: 2200px) 100vw, 2200px\" \/><div id=\"pgc-10-1-0\"  class=\"panel-grid-cell\" ><div id=\"panel-10-1-0-0\" class=\"widget_text so-panel widget widget_custom_html panel-first-child panel-last-child\" data-index=\"2\" ><div class=\"textwidget custom-html-widget\"><! ========= Cool Timeline Free 2.7 =========><div class=\"cool_timeline cool-timeline-wrapper both-sided-wrapper white-timeline-wrapper default-skin-tm\"><h2 class=\"timeline-main-title center-block\">Linha do tempo<\/h2><div class=\"cool-timeline white-timeline ultimate-style both-sided-wrapper default \"><div data-animations=\"fade-up\"  id=\"ctl-free-one\" class=\"cooltimeline_cont  clearfix icons_no\"><div  data-aos=\"fade-up\"  class=\"timeline-year scrollable-section\"\r\n\t\t\t\t\t\t\t\tdata-section-title=\"2004\" id=\"clt-2004\">\r\n\t\t\t\t\t\t\t\t<div class=\"icon-placeholder\"><span class=\"ctl-timeline-date\">2004<\/span><\/div>\r\n\t\t\t\t\t\t\t\t<div class=\"timeline-bar\"><\/div>\r\n\t\t\t\t\t\t\t\t<\/div><!-- .timeline-post-start--><div  class=\"timeline-post even light-grey-post icons_no  default-skin\"  id=\"story-28\"><div  data-aos=\"fade-up\" class=\"timeline-meta\"><div class=\"meta-details\">janeiro 1<\/div><\/div><div  data-aos=\"fade-up\" class=\"timeline-icon icon-dot-full\"><div class=\"timeline-bar\"><\/div><\/div><div  data-aos=\"fade-up\" class=\"timeline-content clearfix\"><h2 class=\"content-title\">O come\u00e7o<\/h2><div class=\"ctl_info event-description small\"><div class=\"pull-left\"><a data-glightbox=\"O come\u00e7o\" href=\"https:\/\/quadrioarts.com.br\/wp-content\/uploads\/2020\/11\/betty-edwards.jpg\" class=\"glightbox\"><img loading=\"lazy\" decoding=\"async\" width=\"207\" height=\"300\" src=\"https:\/\/quadrioarts.com.br\/wp-content\/uploads\/2020\/11\/betty-edwards-207x300.jpg\" class=\"story-img left_small wp-post-image\" alt=\"O come\u00e7o\" srcset=\"https:\/\/quadrioarts.com.br\/wp-content\/uploads\/2020\/11\/betty-edwards-207x300.jpg 207w, https:\/\/quadrioarts.com.br\/wp-content\/uploads\/2020\/11\/betty-edwards.jpg 345w\" sizes=\"auto, (max-width: 207px) 100vw, 207px\" \/><\/a><\/div><div class=\"content-details\">Iniciou seu estudo de desenho realista aos 16 anos como autodidata, utilizando a metodologia baseada no livro Desenhando com o Lado Direito do C\u00e9rebro, da professora Betty Edwards.<\/div><\/div><\/div><!-- timeline content --><\/div><!-- .timeline-post-end --><div  data-aos=\"fade-up\"  class=\"timeline-year scrollable-section\"\r\n\t\t\t\t\t\t\t\tdata-section-title=\"2008\" id=\"clt-2008\">\r\n\t\t\t\t\t\t\t\t<div class=\"icon-placeholder\"><span class=\"ctl-timeline-date\">2008<\/span><\/div>\r\n\t\t\t\t\t\t\t\t<div class=\"timeline-bar\"><\/div>\r\n\t\t\t\t\t\t\t\t<\/div><!-- .timeline-post-start--><div  class=\"timeline-post odd light-grey-post icons_no  default-skin\"  id=\"story-29\"><div  data-aos=\"fade-up\" class=\"timeline-meta\"><div class=\"meta-details\">janeiro 1<\/div><\/div><div  data-aos=\"fade-up\" class=\"timeline-icon icon-dot-full\"><div class=\"timeline-bar\"><\/div><\/div><div  data-aos=\"fade-up\" class=\"timeline-content clearfix\"><h2 class=\"content-title\">L\u00e1pis de cor<\/h2><div class=\"ctl_info event-description small\"><div class=\"pull-left\"><a data-glightbox=\"L\u00e1pis de cor\" href=\"https:\/\/quadrioarts.com.br\/wp-content\/uploads\/2020\/11\/obama-lapis.jpg\" class=\"glightbox\"><img loading=\"lazy\" decoding=\"async\" width=\"213\" height=\"300\" src=\"https:\/\/quadrioarts.com.br\/wp-content\/uploads\/2020\/11\/obama-lapis-213x300.jpg\" class=\"story-img left_small wp-post-image\" alt=\"L\u00e1pis de cor\" srcset=\"https:\/\/quadrioarts.com.br\/wp-content\/uploads\/2020\/11\/obama-lapis-213x300.jpg 213w, https:\/\/quadrioarts.com.br\/wp-content\/uploads\/2020\/11\/obama-lapis-726x1024.jpg 726w, https:\/\/quadrioarts.com.br\/wp-content\/uploads\/2020\/11\/obama-lapis-768x1083.jpg 768w, https:\/\/quadrioarts.com.br\/wp-content\/uploads\/2020\/11\/obama-lapis.jpg 1024w\" sizes=\"auto, (max-width: 213px) 100vw, 213px\" \/><\/a><\/div><div class=\"content-details\">De 2008 a 2009 estuda colora\u00e7\u00e3o com l\u00e1pis de cor com o colorista Mario Freire.<\/div><\/div><\/div><!-- timeline content --><\/div><!-- .timeline-post-end --><div  data-aos=\"fade-up\"  class=\"timeline-year scrollable-section\"\r\n\t\t\t\t\t\t\t\tdata-section-title=\"2011\" id=\"clt-2011\">\r\n\t\t\t\t\t\t\t\t<div class=\"icon-placeholder\"><span class=\"ctl-timeline-date\">2011<\/span><\/div>\r\n\t\t\t\t\t\t\t\t<div class=\"timeline-bar\"><\/div>\r\n\t\t\t\t\t\t\t\t<\/div><!-- .timeline-post-start--><div  class=\"timeline-post even light-grey-post icons_no  default-skin\"  id=\"story-44\"><div  data-aos=\"fade-up\" class=\"timeline-meta\"><div class=\"meta-details\">janeiro 1<\/div><\/div><div  data-aos=\"fade-up\" class=\"timeline-icon icon-dot-full\"><div class=\"timeline-bar\"><\/div><\/div><div  data-aos=\"fade-up\" class=\"timeline-content clearfix\"><h2 class=\"content-title\">Vale dos Anjos<\/h2><div class=\"ctl_info event-description small\"><div class=\"pull-left\"><a data-glightbox=\"Vale dos Anjos\" href=\"https:\/\/quadrioarts.com.br\/wp-content\/uploads\/2020\/11\/spnerfim.jpg\" class=\"glightbox\"><img loading=\"lazy\" decoding=\"async\" width=\"215\" height=\"300\" src=\"https:\/\/quadrioarts.com.br\/wp-content\/uploads\/2020\/11\/spnerfim-215x300.jpg\" class=\"story-img left_small wp-post-image\" alt=\"Vale dos Anjos\" srcset=\"https:\/\/quadrioarts.com.br\/wp-content\/uploads\/2020\/11\/spnerfim-215x300.jpg 215w, https:\/\/quadrioarts.com.br\/wp-content\/uploads\/2020\/11\/spnerfim.jpg 400w\" sizes=\"auto, (max-width: 215px) 100vw, 215px\" \/><\/a><\/div><div class=\"content-details\">Em 2011 inicia o projeto de cria\u00e7\u00e3o dos personagens do livro O Vale dos Anjos, do escritor brasileiro Leandro Schulai, colaborando com 30 ilustra\u00e7\u00f5es.<\/div><\/div><\/div><!-- timeline content --><\/div><!-- .timeline-post-end --><div  data-aos=\"fade-up\"  class=\"timeline-year scrollable-section\"\r\n\t\t\t\t\t\t\t\tdata-section-title=\"2012\" id=\"clt-2012\">\r\n\t\t\t\t\t\t\t\t<div class=\"icon-placeholder\"><span class=\"ctl-timeline-date\">2012<\/span><\/div>\r\n\t\t\t\t\t\t\t\t<div class=\"timeline-bar\"><\/div>\r\n\t\t\t\t\t\t\t\t<\/div><!-- .timeline-post-start--><div  class=\"timeline-post odd light-grey-post icons_no  default-skin\"  id=\"story-50\"><div  data-aos=\"fade-up\" class=\"timeline-meta\"><div class=\"meta-details\">novembro 21<\/div><\/div><div  data-aos=\"fade-up\" class=\"timeline-icon icon-dot-full\"><div class=\"timeline-bar\"><\/div><\/div><div  data-aos=\"fade-up\" class=\"timeline-content clearfix\"><h2 class=\"content-title\">Caio Santos e a Alfagrafia<\/h2><div class=\"ctl_info event-description small\"><div class=\"pull-left\"><a data-glightbox=\"Caio Santos e a Alfagrafia\" href=\"https:\/\/quadrioarts.com.br\/wp-content\/uploads\/2020\/11\/caio-santos.jpeg\" class=\"glightbox\"><img loading=\"lazy\" decoding=\"async\" width=\"242\" height=\"300\" src=\"https:\/\/quadrioarts.com.br\/wp-content\/uploads\/2020\/11\/caio-santos-242x300.jpeg\" class=\"story-img left_small wp-post-image\" alt=\"Caio Santos e a Alfagrafia\" srcset=\"https:\/\/quadrioarts.com.br\/wp-content\/uploads\/2020\/11\/caio-santos-242x300.jpeg 242w, https:\/\/quadrioarts.com.br\/wp-content\/uploads\/2020\/11\/caio-santos.jpeg 760w\" sizes=\"auto, (max-width: 242px) 100vw, 242px\" \/><\/a><\/div><div class=\"content-details\">Em 2012 iniciou os estudos com o professor e artista pl\u00e1stico Caio Santos, com quem teve acesso ao conceito de Alfagrafia, e aprendeu diversas t\u00e9cnicas de desenho e pintura.<\/div><\/div><\/div><!-- timeline content --><\/div><!-- .timeline-post-end --><div  data-aos=\"fade-up\"  class=\"timeline-year scrollable-section\"\r\n\t\t\t\t\t\t\t\tdata-section-title=\"2013\" id=\"clt-2013\">\r\n\t\t\t\t\t\t\t\t<div class=\"icon-placeholder\"><span class=\"ctl-timeline-date\">2013<\/span><\/div>\r\n\t\t\t\t\t\t\t\t<div class=\"timeline-bar\"><\/div>\r\n\t\t\t\t\t\t\t\t<\/div><!-- .timeline-post-start--><div  class=\"timeline-post even light-grey-post icons_no  default-skin\"  id=\"story-52\"><div  data-aos=\"fade-up\" class=\"timeline-meta\"><div class=\"meta-details\">novembro 21<\/div><\/div><div  data-aos=\"fade-up\" class=\"timeline-icon icon-dot-full\"><div class=\"timeline-bar\"><\/div><\/div><div  data-aos=\"fade-up\" class=\"timeline-content clearfix\"><h2 class=\"content-title\">Exposi\u00e7\u00e3o Ayrton Senna<\/h2><div class=\"ctl_info event-description small\"><div class=\"pull-left\"><a data-glightbox=\"Exposi\u00e7\u00e3o Ayrton Senna\" href=\"https:\/\/quadrioarts.com.br\/wp-content\/uploads\/2020\/11\/expo-ayrton-senna.jpg\" class=\"glightbox\"><img loading=\"lazy\" decoding=\"async\" width=\"215\" height=\"300\" src=\"https:\/\/quadrioarts.com.br\/wp-content\/uploads\/2020\/11\/expo-ayrton-senna-215x300.jpg\" class=\"story-img left_small wp-post-image\" alt=\"Exposi\u00e7\u00e3o Ayrton Senna\" srcset=\"https:\/\/quadrioarts.com.br\/wp-content\/uploads\/2020\/11\/expo-ayrton-senna-215x300.jpg 215w, https:\/\/quadrioarts.com.br\/wp-content\/uploads\/2020\/11\/expo-ayrton-senna.jpg 400w\" sizes=\"auto, (max-width: 215px) 100vw, 215px\" \/><\/a><\/div><div class=\"content-details\">Em 2013 participou da exposi\u00e7\u00e3o coletiva em homenagem aos 20 Anos do Legado de Ayrton Senna, realizada no Hotel Transam\u00e9rica.<\/div><\/div><\/div><!-- timeline content --><\/div><!-- .timeline-post-end --><div  data-aos=\"fade-up\"  class=\"timeline-year scrollable-section\"\r\n\t\t\t\t\t\t\t\tdata-section-title=\"2014\" id=\"clt-2014\">\r\n\t\t\t\t\t\t\t\t<div class=\"icon-placeholder\"><span class=\"ctl-timeline-date\">2014<\/span><\/div>\r\n\t\t\t\t\t\t\t\t<div class=\"timeline-bar\"><\/div>\r\n\t\t\t\t\t\t\t\t<\/div><!-- .timeline-post-start--><div  class=\"timeline-post odd light-grey-post icons_no  default-skin\"  id=\"story-54\"><div  data-aos=\"fade-up\" class=\"timeline-meta\"><div class=\"meta-details\">novembro 21<\/div><\/div><div  data-aos=\"fade-up\" class=\"timeline-icon icon-dot-full\"><div class=\"timeline-bar\"><\/div><\/div><div  data-aos=\"fade-up\" class=\"timeline-content clearfix\"><h2 class=\"content-title\">Velocult<\/h2><div class=\"ctl_info event-description full\"><div class=\"content-details\">Em 2014 participou da Velocult, outra exposi\u00e7\u00e3o coletiva realizada para homenagear os grandes pilotos representantes do automobilismo brasileiro: Emerson Fittipaldi, Ayrton Senna entre outros.<\/div><\/div><\/div><!-- timeline content --><\/div><!-- .timeline-post-end --><div  data-aos=\"fade-up\"  class=\"timeline-year scrollable-section\"\r\n\t\t\t\t\t\t\t\tdata-section-title=\"2015\" id=\"clt-2015\">\r\n\t\t\t\t\t\t\t\t<div class=\"icon-placeholder\"><span class=\"ctl-timeline-date\">2015<\/span><\/div>\r\n\t\t\t\t\t\t\t\t<div class=\"timeline-bar\"><\/div>\r\n\t\t\t\t\t\t\t\t<\/div><!-- .timeline-post-start--><div  class=\"timeline-post even light-grey-post icons_no  default-skin\"  id=\"story-55\"><div  data-aos=\"fade-up\" class=\"timeline-meta\"><div class=\"meta-details\">novembro 21<\/div><\/div><div  data-aos=\"fade-up\" class=\"timeline-icon icon-dot-full\"><div class=\"timeline-bar\"><\/div><\/div><div  data-aos=\"fade-up\" class=\"timeline-content clearfix\"><h2 class=\"content-title\">Solitude na cidade de S\u00e3o Paulo<\/h2><div class=\"ctl_info event-description small\"><div class=\"pull-left\"><a data-glightbox=\"Solitude na cidade de S\u00e3o Paulo\" href=\"https:\/\/quadrioarts.com.br\/wp-content\/uploads\/2020\/11\/solitude.jpg\" class=\"glightbox\"><img loading=\"lazy\" decoding=\"async\" width=\"215\" height=\"300\" src=\"https:\/\/quadrioarts.com.br\/wp-content\/uploads\/2020\/11\/solitude-215x300.jpg\" class=\"story-img left_small wp-post-image\" alt=\"Solitude na cidade de S\u00e3o Paulo\" srcset=\"https:\/\/quadrioarts.com.br\/wp-content\/uploads\/2020\/11\/solitude-215x300.jpg 215w, https:\/\/quadrioarts.com.br\/wp-content\/uploads\/2020\/11\/solitude.jpg 400w\" sizes=\"auto, (max-width: 215px) 100vw, 215px\" \/><\/a><\/div><div class=\"content-details\">Em 2015 a 2016 realiza exposi\u00e7\u00e3o individual \u2013 Solitude na Cidade de S\u00e3o Paulo &#8211; No instituto Cultural Caio Santos e no CCJ (Centro Cultural da Juventude).<\/div><\/div><\/div><!-- timeline content --><\/div><!-- .timeline-post-end --><div  data-aos=\"fade-up\"  class=\"timeline-year scrollable-section\"\r\n\t\t\t\t\t\t\t\tdata-section-title=\"2016\" id=\"clt-2016\">\r\n\t\t\t\t\t\t\t\t<div class=\"icon-placeholder\"><span class=\"ctl-timeline-date\">2016<\/span><\/div>\r\n\t\t\t\t\t\t\t\t<div class=\"timeline-bar\"><\/div>\r\n\t\t\t\t\t\t\t\t<\/div><!-- .timeline-post-start--><div  class=\"timeline-post odd light-grey-post icons_no  default-skin\"  id=\"story-60\"><div  data-aos=\"fade-up\" class=\"timeline-meta\"><div class=\"meta-details\">novembro 21<\/div><\/div><div  data-aos=\"fade-up\" class=\"timeline-icon icon-dot-full\"><div class=\"timeline-bar\"><\/div><\/div><div  data-aos=\"fade-up\" class=\"timeline-content clearfix\"><h2 class=\"content-title\">Atos Cultivados<\/h2><div class=\"ctl_info event-description small\"><div class=\"pull-left\"><a data-glightbox=\"Atos Cultivados\" href=\"https:\/\/quadrioarts.com.br\/wp-content\/uploads\/2020\/11\/atos-cultivados-2016.jpg\" class=\"glightbox\"><img loading=\"lazy\" decoding=\"async\" width=\"212\" height=\"300\" src=\"https:\/\/quadrioarts.com.br\/wp-content\/uploads\/2020\/11\/atos-cultivados-2016-212x300.jpg\" class=\"story-img left_small wp-post-image\" alt=\"Atos Cultivados\" srcset=\"https:\/\/quadrioarts.com.br\/wp-content\/uploads\/2020\/11\/atos-cultivados-2016-212x300.jpg 212w, https:\/\/quadrioarts.com.br\/wp-content\/uploads\/2020\/11\/atos-cultivados-2016-724x1024.jpg 724w, https:\/\/quadrioarts.com.br\/wp-content\/uploads\/2020\/11\/atos-cultivados-2016-768x1086.jpg 768w, https:\/\/quadrioarts.com.br\/wp-content\/uploads\/2020\/11\/atos-cultivados-2016.jpg 842w\" sizes=\"auto, (max-width: 212px) 100vw, 212px\" \/><\/a><\/div><div class=\"content-details\">Em 2016 participa do grupo de artistas Atos Cultivados, vencedores do VAI 2016, em um projeto de concep\u00e7\u00e3o da HQ Patog\u00eanese juntamente com o roteirista,\u00a0desenhista e tatuador\u00a0Andr\u00e9 Borges. No mesmo ano, se matricula na FMU \u2013 Faculdade Metropolitanas Unidas no curso superior de Licenciatura em Artes Visuais.<\/div><\/div><\/div><!-- timeline content --><\/div><!-- .timeline-post-end --><div  data-aos=\"fade-up\"  class=\"timeline-year scrollable-section\"\r\n\t\t\t\t\t\t\t\tdata-section-title=\"2017\" id=\"clt-2017\">\r\n\t\t\t\t\t\t\t\t<div class=\"icon-placeholder\"><span class=\"ctl-timeline-date\">2017<\/span><\/div>\r\n\t\t\t\t\t\t\t\t<div class=\"timeline-bar\"><\/div>\r\n\t\t\t\t\t\t\t\t<\/div><!-- .timeline-post-start--><div  class=\"timeline-post even light-grey-post icons_no  default-skin\"  id=\"story-57\"><div  data-aos=\"fade-up\" class=\"timeline-meta\"><div class=\"meta-details\">novembro 21<\/div><\/div><div  data-aos=\"fade-up\" class=\"timeline-icon icon-dot-full\"><div class=\"timeline-bar\"><\/div><\/div><div  data-aos=\"fade-up\" class=\"timeline-content clearfix\"><h2 class=\"content-title\">Lecionando<\/h2><div class=\"ctl_info event-description small\"><div class=\"pull-left\"><a data-glightbox=\"Lecionando\" href=\"https:\/\/quadrioarts.com.br\/wp-content\/uploads\/2020\/11\/desenho-2017-1.jpg\" class=\"glightbox\"><img loading=\"lazy\" decoding=\"async\" width=\"215\" height=\"300\" src=\"https:\/\/quadrioarts.com.br\/wp-content\/uploads\/2020\/11\/desenho-2017-1-215x300.jpg\" class=\"story-img left_small wp-post-image\" alt=\"Lecionando\" srcset=\"https:\/\/quadrioarts.com.br\/wp-content\/uploads\/2020\/11\/desenho-2017-1-215x300.jpg 215w, https:\/\/quadrioarts.com.br\/wp-content\/uploads\/2020\/11\/desenho-2017-1.jpg 400w\" sizes=\"auto, (max-width: 215px) 100vw, 215px\" \/><\/a><\/div><div class=\"content-details\">Em 2017 come\u00e7a a ministrar aulas de desenho e pintura na Escola de Arte Area-E.<\/div><\/div><\/div><!-- timeline content --><\/div><!-- .timeline-post-end --><div  data-aos=\"fade-up\"  class=\"timeline-year scrollable-section\"\r\n\t\t\t\t\t\t\t\tdata-section-title=\"2018\" id=\"clt-2018\">\r\n\t\t\t\t\t\t\t\t<div class=\"icon-placeholder\"><span class=\"ctl-timeline-date\">2018<\/span><\/div>\r\n\t\t\t\t\t\t\t\t<div class=\"timeline-bar\"><\/div>\r\n\t\t\t\t\t\t\t\t<\/div><!-- .timeline-post-start--><div  class=\"timeline-post odd light-grey-post icons_no  default-skin\"  id=\"story-62\"><div  data-aos=\"fade-up\" class=\"timeline-meta\"><div class=\"meta-details\">novembro 21<\/div><\/div><div  data-aos=\"fade-up\" class=\"timeline-icon icon-dot-full\"><div class=\"timeline-bar\"><\/div><\/div><div  data-aos=\"fade-up\" class=\"timeline-content clearfix\"><h2 class=\"content-title\">Formado em Artes Visuais<\/h2><div class=\"ctl_info event-description small\"><div class=\"content-details\">Em 2018, concluiu sua gradua\u00e7\u00e3o sendo o aluno laureado do ano.<\/div><\/div><\/div><!-- timeline content --><\/div><!-- .timeline-post-end --><div  data-aos=\"fade-up\"  class=\"timeline-year scrollable-section\"\r\n\t\t\t\t\t\t\t\tdata-section-title=\"2019\" id=\"clt-2019\">\r\n\t\t\t\t\t\t\t\t<div class=\"icon-placeholder\"><span class=\"ctl-timeline-date\">2019<\/span><\/div>\r\n\t\t\t\t\t\t\t\t<div class=\"timeline-bar\"><\/div>\r\n\t\t\t\t\t\t\t\t<\/div><!-- .timeline-post-start--><div  class=\"timeline-post even light-grey-post icons_no  default-skin\"  id=\"story-63\"><div  data-aos=\"fade-up\" class=\"timeline-meta\"><div class=\"meta-details\">novembro 21<\/div><\/div><div  data-aos=\"fade-up\" class=\"timeline-icon icon-dot-full\"><div class=\"timeline-bar\"><\/div><\/div><div  data-aos=\"fade-up\" class=\"timeline-content clearfix\"><h2 class=\"content-title\">Tatuando<\/h2><div class=\"ctl_info event-description small\"><div class=\"pull-left\"><a data-glightbox=\"Tatuando\" href=\"https:\/\/quadrioarts.com.br\/wp-content\/uploads\/2020\/11\/tatuagem.jpg\" class=\"glightbox\"><img loading=\"lazy\" decoding=\"async\" width=\"215\" height=\"300\" src=\"https:\/\/quadrioarts.com.br\/wp-content\/uploads\/2020\/11\/tatuagem-215x300.jpg\" class=\"story-img left_small wp-post-image\" alt=\"Tatuando\" srcset=\"https:\/\/quadrioarts.com.br\/wp-content\/uploads\/2020\/11\/tatuagem-215x300.jpg 215w, https:\/\/quadrioarts.com.br\/wp-content\/uploads\/2020\/11\/tatuagem.jpg 400w\" sizes=\"auto, (max-width: 215px) 100vw, 215px\" \/><\/a><\/div><div class=\"content-details\">Em 2019, inicia trabalho e estudo da tatuagem no est\u00fadio do tatuador Andr\u00e9 Kuiavski.<\/div><\/div><\/div><!-- timeline content --><\/div><!-- .timeline-post-end --><div  data-aos=\"fade-up\"  class=\"timeline-year scrollable-section\"\r\n\t\t\t\t\t\t\t\tdata-section-title=\"2020\" id=\"clt-2020\">\r\n\t\t\t\t\t\t\t\t<div class=\"icon-placeholder\"><span class=\"ctl-timeline-date\">2020<\/span><\/div>\r\n\t\t\t\t\t\t\t\t<div class=\"timeline-bar\"><\/div>\r\n\t\t\t\t\t\t\t\t<\/div><!-- .timeline-post-start--><div  class=\"timeline-post odd light-grey-post icons_no  default-skin\"  id=\"story-67\"><div  data-aos=\"fade-up\" class=\"timeline-meta\"><div class=\"meta-details\">novembro 21<\/div><\/div><div  data-aos=\"fade-up\" class=\"timeline-icon icon-dot-full\"><div class=\"timeline-bar\"><\/div><\/div><div  data-aos=\"fade-up\" class=\"timeline-content clearfix\"><h2 class=\"content-title\">Novos projetos<\/h2><div class=\"ctl_info event-description small\"><div class=\"pull-left\"><a data-glightbox=\"Novos projetos\" href=\"https:\/\/quadrioarts.com.br\/wp-content\/uploads\/2020\/11\/freddy.jpg\" class=\"glightbox\"><img loading=\"lazy\" decoding=\"async\" width=\"215\" height=\"300\" src=\"https:\/\/quadrioarts.com.br\/wp-content\/uploads\/2020\/11\/freddy-215x300.jpg\" class=\"story-img left_small wp-post-image\" alt=\"Novos projetos\" srcset=\"https:\/\/quadrioarts.com.br\/wp-content\/uploads\/2020\/11\/freddy-215x300.jpg 215w, https:\/\/quadrioarts.com.br\/wp-content\/uploads\/2020\/11\/freddy.jpg 400w\" sizes=\"auto, (max-width: 215px) 100vw, 215px\" \/><\/a><\/div><div class=\"content-details\">Em 2020, d\u00e1 inicio a seu canal no You Tube, Luiz Siqueira \u2013 O Artista Visual e inaugura seu pr\u00f3prio est\u00fadio e escola de arte na Zona Norte de S\u00e3o Paulo.<\/div><\/div><\/div><!-- timeline content --><\/div><!-- .timeline-post-end --><\/div><div class=\"clearfix\"><\/div><\/div> <\/div><!-- end\r\n\t\t\t================================================== -->\n<\/div><\/div><\/div><\/div><\/div><\/div>","protected":false},"excerpt":{"rendered":"<p>Luiz Quadrio. Artista pl\u00e1stico, formado em Artes Visuais pela FMU (Faculdade Metropolitanas Unidas),\u00a0 tatuador e atualmente professor de desenho e pintura no Atelier Luiz Siqueira \u2013 Escola de Arte (nome provis\u00f3rio)\u00a0 Nasceu em 1988 na cidade de S\u00e3o Paulo. Iniciou seu estudo de desenho realista aos 16 anos como autodidata utilizando a metodologia baseada no&hellip;<\/p>\n","protected":false},"author":1,"featured_media":0,"parent":0,"menu_order":0,"comment_status":"closed","ping_status":"closed","template":"","meta":{"footnotes":""},"class_list":["post-10","page","type-page","status-publish","hentry","post"],"_links":{"self":[{"href":"https:\/\/quadrioarts.com.br\/pt_br\/wp-json\/wp\/v2\/pages\/10","targetHints":{"allow":["GET"]}}],"collection":[{"href":"https:\/\/quadrioarts.com.br\/pt_br\/wp-json\/wp\/v2\/pages"}],"about":[{"href":"https:\/\/quadrioarts.com.br\/pt_br\/wp-json\/wp\/v2\/types\/page"}],"author":[{"embeddable":true,"href":"https:\/\/quadrioarts.com.br\/pt_br\/wp-json\/wp\/v2\/users\/1"}],"replies":[{"embeddable":true,"href":"https:\/\/quadrioarts.com.br\/pt_br\/wp-json\/wp\/v2\/comments?post=10"}],"version-history":[{"count":72,"href":"https:\/\/quadrioarts.com.br\/pt_br\/wp-json\/wp\/v2\/pages\/10\/revisions"}],"predecessor-version":[{"id":205,"href":"https:\/\/quadrioarts.com.br\/pt_br\/wp-json\/wp\/v2\/pages\/10\/revisions\/205"}],"wp:attachment":[{"href":"https:\/\/quadrioarts.com.br\/pt_br\/wp-json\/wp\/v2\/media?parent=10"}],"curies":[{"name":"wp","href":"https:\/\/api.w.org\/{rel}","templated":true}]}}