{"id":261,"date":"2021-02-06T19:55:10","date_gmt":"2021-02-06T21:55:10","guid":{"rendered":"https:\/\/quadrioarts.com.br\/?page_id=261"},"modified":"2021-02-06T22:19:50","modified_gmt":"2021-02-07T00:19:50","slug":"desenhos","status":"publish","type":"page","link":"https:\/\/quadrioarts.com.br\/en\/desenhos\/","title":{"rendered":"Drawings"},"content":{"rendered":"<div id=\"pl-261\"  class=\"panel-layout\" ><div id=\"pg-261-0\"  class=\"panel-grid panel-no-style\" ><div id=\"pgc-261-0-0\"  class=\"panel-grid-cell\" ><div id=\"panel-261-0-0-0\" class=\"so-panel widget widget_siteorigin-panels-postloop panel-first-child panel-last-child\" data-index=\"0\" >\n\n\t<div class=\"blog-layout-masonry\">\n\t\t\n<article id=\"post-267\" class=\"archive-entry post-267 post type-post status-publish format-image has-post-thumbnail hentry category-desenho post_format-post-format-image\">\n\n\t<div class=\"masonry-entry-content\">\n\n\t\t\t\t\t<div class=\"entry-thumbnail\">\n\t\t\t\t\t\t\t\t    \t\t\t\t\t<a href=\"https:\/\/quadrioarts.com.br\/en\/2021\/02\/06\/morgan-freeman\/\">\n\t\t\t\t\t\t<figure class=\"\u02dcimagem-tijolos\u02dc\">\n                            <img loading=\"lazy\" decoding=\"async\" width=\"702\" height=\"840\" src=\"https:\/\/quadrioarts.com.br\/wp-content\/uploads\/2021\/02\/morgan.jpg\" class=\"aligncenter wp-post-image\" alt=\"\" \/>                        \n                                                        <header class=\"titulo-serie\"> <em>Portraits Series<\/em><\/header>\n                                                        \n                            <header class=\"entry-header titulo-tijolos\">\n                                Morgan Freeman<h2 class=\"entry-title\">                            <\/header><!-- .entry-header -->\t\n                        \n                        <\/figure>   \n                        \n\t\t\t\t\t<\/a>\n\t\t\t\t\n\t\t\t\t\t\t\t<\/div>\n\t\t\n\t\t\n\n\t\t<div class=\"entry-content\">\n\t\t\t\n\t\t<\/div><!-- .entry-content -->\n\n\t<\/div>\n\n<\/article>\n\n<article id=\"post-273\" class=\"archive-entry post-273 post type-post status-publish format-image has-post-thumbnail hentry category-desenho post_format-post-format-image\">\n\n\t<div class=\"masonry-entry-content\">\n\n\t\t\t\t\t<div class=\"entry-thumbnail\">\n\t\t\t\t\t\t\t\t    \t\t\t\t\t<a href=\"https:\/\/quadrioarts.com.br\/en\/2021\/02\/06\/olhar\/\">\n\t\t\t\t\t\t<figure class=\"\u02dcimagem-tijolos\u02dc\">\n                            <img loading=\"lazy\" decoding=\"async\" width=\"3897\" height=\"3942\" src=\"https:\/\/quadrioarts.com.br\/wp-content\/uploads\/2021\/02\/hiper.realismo1.jpg\" class=\"aligncenter wp-post-image\" alt=\"\" srcset=\"https:\/\/quadrioarts.com.br\/wp-content\/uploads\/2021\/02\/hiper.realismo1.jpg 3897w, https:\/\/quadrioarts.com.br\/wp-content\/uploads\/2021\/02\/hiper.realismo1-768x777.jpg 768w, https:\/\/quadrioarts.com.br\/wp-content\/uploads\/2021\/02\/hiper.realismo1-1518x1536.jpg 1518w, https:\/\/quadrioarts.com.br\/wp-content\/uploads\/2021\/02\/hiper.realismo1-2025x2048.jpg 2025w\" sizes=\"auto, (max-width: 3897px) 100vw, 3897px\" \/>                        \n                                                        \n                            <header class=\"entry-header titulo-tijolos\">\n                                Look<h2 class=\"entry-title\">                            <\/header><!-- .entry-header -->\t\n                        \n                        <\/figure>   \n                        \n\t\t\t\t\t<\/a>\n\t\t\t\t\n\t\t\t\t\t\t\t<\/div>\n\t\t\n\t\t\n\n\t\t<div class=\"entry-content\">\n\t\t\t\n\t\t<\/div><!-- .entry-content -->\n\n\t<\/div>\n\n<\/article>\n\n<article id=\"post-276\" class=\"archive-entry post-276 post type-post status-publish format-image has-post-thumbnail hentry category-desenho post_format-post-format-image\">\n\n\t<div class=\"masonry-entry-content\">\n\n\t\t\t\t\t<div class=\"entry-thumbnail\">\n\t\t\t\t\t\t\t\t    \t\t\t\t\t<a href=\"https:\/\/quadrioarts.com.br\/en\/2021\/02\/06\/estudo-cabeca\/\">\n\t\t\t\t\t\t<figure class=\"\u02dcimagem-tijolos\u02dc\">\n                            <img loading=\"lazy\" decoding=\"async\" width=\"971\" height=\"1297\" src=\"https:\/\/quadrioarts.com.br\/wp-content\/uploads\/2021\/02\/estudo.jpg\" class=\"aligncenter wp-post-image\" alt=\"\" srcset=\"https:\/\/quadrioarts.com.br\/wp-content\/uploads\/2021\/02\/estudo.jpg 971w, https:\/\/quadrioarts.com.br\/wp-content\/uploads\/2021\/02\/estudo-768x1026.jpg 768w\" sizes=\"auto, (max-width: 971px) 100vw, 971px\" \/>                        \n                                                        \n                            <header class=\"entry-header titulo-tijolos\">\n                                Study of the human head<h2 class=\"entry-title\">                            <\/header><!-- .entry-header -->\t\n                        \n                        <\/figure>   \n                        \n\t\t\t\t\t<\/a>\n\t\t\t\t\n\t\t\t\t\t\t\t<\/div>\n\t\t\n\t\t\n\n\t\t<div class=\"entry-content\">\n\t\t\t\n\t\t<\/div><!-- .entry-content -->\n\n\t<\/div>\n\n<\/article>\n\n<article id=\"post-281\" class=\"archive-entry post-281 post type-post status-publish format-image has-post-thumbnail hentry category-desenho post_format-post-format-image\">\n\n\t<div class=\"masonry-entry-content\">\n\n\t\t\t\t\t<div class=\"entry-thumbnail\">\n\t\t\t\t\t\t\t\t    \t\t\t\t\t<a href=\"https:\/\/quadrioarts.com.br\/en\/2021\/02\/06\/ash-pokemon\/\">\n\t\t\t\t\t\t<figure class=\"\u02dcimagem-tijolos\u02dc\">\n                            <img loading=\"lazy\" decoding=\"async\" width=\"3024\" height=\"4032\" src=\"https:\/\/quadrioarts.com.br\/wp-content\/uploads\/2021\/02\/IMG_8932.jpg\" class=\"aligncenter wp-post-image\" alt=\"\" srcset=\"https:\/\/quadrioarts.com.br\/wp-content\/uploads\/2021\/02\/IMG_8932.jpg 3024w, https:\/\/quadrioarts.com.br\/wp-content\/uploads\/2021\/02\/IMG_8932-768x1024.jpg 768w, https:\/\/quadrioarts.com.br\/wp-content\/uploads\/2021\/02\/IMG_8932-1152x1536.jpg 1152w, https:\/\/quadrioarts.com.br\/wp-content\/uploads\/2021\/02\/IMG_8932-1536x2048.jpg 1536w\" sizes=\"auto, (max-width: 3024px) 100vw, 3024px\" \/>                        \n                                                        <header class=\"titulo-serie\"> <em>Fanart Series<\/em><\/header>\n                                                        \n                            <header class=\"entry-header titulo-tijolos\">\n                                Ash Ketchum (Pok\u00e9mon)<h2 class=\"entry-title\">                            <\/header><!-- .entry-header -->\t\n                        \n                        <\/figure>   \n                        \n\t\t\t\t\t<\/a>\n\t\t\t\t\n\t\t\t\t\t\t\t<\/div>\n\t\t\n\t\t\n\n\t\t<div class=\"entry-content\">\n\t\t\t\n\t\t<\/div><!-- .entry-content -->\n\n\t<\/div>\n\n<\/article>\n\n<article id=\"post-284\" class=\"archive-entry post-284 post type-post status-publish format-image has-post-thumbnail hentry category-desenho post_format-post-format-image\">\n\n\t<div class=\"masonry-entry-content\">\n\n\t\t\t\t\t<div class=\"entry-thumbnail\">\n\t\t\t\t\t\t\t\t    \t\t\t\t\t<a href=\"https:\/\/quadrioarts.com.br\/en\/2021\/02\/06\/tim-burton\/\">\n\t\t\t\t\t\t<figure class=\"\u02dcimagem-tijolos\u02dc\">\n                            <img loading=\"lazy\" decoding=\"async\" width=\"1165\" height=\"1604\" src=\"https:\/\/quadrioarts.com.br\/wp-content\/uploads\/2021\/02\/5_mapeamento_hidrografica.jpg\" class=\"aligncenter wp-post-image\" alt=\"\" srcset=\"https:\/\/quadrioarts.com.br\/wp-content\/uploads\/2021\/02\/5_mapeamento_hidrografica.jpg 1165w, https:\/\/quadrioarts.com.br\/wp-content\/uploads\/2021\/02\/5_mapeamento_hidrografica-768x1057.jpg 768w, https:\/\/quadrioarts.com.br\/wp-content\/uploads\/2021\/02\/5_mapeamento_hidrografica-1116x1536.jpg 1116w\" sizes=\"auto, (max-width: 1165px) 100vw, 1165px\" \/>                        \n                                                        <header class=\"titulo-serie\"> <em>Portraits Series<\/em><\/header>\n                                                        \n                            <header class=\"entry-header titulo-tijolos\">\n                                Tim Burton<h2 class=\"entry-title\">                            <\/header><!-- .entry-header -->\t\n                        \n                        <\/figure>   \n                        \n\t\t\t\t\t<\/a>\n\t\t\t\t\n\t\t\t\t\t\t\t<\/div>\n\t\t\n\t\t\n\n\t\t<div class=\"entry-content\">\n\t\t\t\n\t\t<\/div><!-- .entry-content -->\n\n\t<\/div>\n\n<\/article>\n\n<article id=\"post-289\" class=\"archive-entry post-289 post type-post status-publish format-image has-post-thumbnail hentry category-desenho post_format-post-format-image\">\n\n\t<div class=\"masonry-entry-content\">\n\n\t\t\t\t\t<div class=\"entry-thumbnail\">\n\t\t\t\t\t\t\t\t    \t\t\t\t\t<a href=\"https:\/\/quadrioarts.com.br\/en\/2021\/02\/06\/surrealismo-01\/\">\n\t\t\t\t\t\t<figure class=\"\u02dcimagem-tijolos\u02dc\">\n                            <img loading=\"lazy\" decoding=\"async\" width=\"3509\" height=\"2550\" src=\"https:\/\/quadrioarts.com.br\/wp-content\/uploads\/2021\/02\/img029.jpg\" class=\"aligncenter wp-post-image\" alt=\"\" srcset=\"https:\/\/quadrioarts.com.br\/wp-content\/uploads\/2021\/02\/img029.jpg 3509w, https:\/\/quadrioarts.com.br\/wp-content\/uploads\/2021\/02\/img029-768x558.jpg 768w, https:\/\/quadrioarts.com.br\/wp-content\/uploads\/2021\/02\/img029-1536x1116.jpg 1536w, https:\/\/quadrioarts.com.br\/wp-content\/uploads\/2021\/02\/img029-2048x1488.jpg 2048w\" sizes=\"auto, (max-width: 3509px) 100vw, 3509px\" \/>                        \n                                                        <header class=\"titulo-serie\"> <em>Surrealism Series<\/em><\/header>\n                                                        \n                            <header class=\"entry-header titulo-tijolos\">\n                                Surrealism 01<h2 class=\"entry-title\">                            <\/header><!-- .entry-header -->\t\n                        \n                        <\/figure>   \n                        \n\t\t\t\t\t<\/a>\n\t\t\t\t\n\t\t\t\t\t\t\t<\/div>\n\t\t\n\t\t\n\n\t\t<div class=\"entry-content\">\n\t\t\t\n\t\t<\/div><!-- .entry-content -->\n\n\t<\/div>\n\n<\/article>\n\n<article id=\"post-292\" class=\"archive-entry post-292 post type-post status-publish format-image has-post-thumbnail hentry category-desenho post_format-post-format-image\">\n\n\t<div class=\"masonry-entry-content\">\n\n\t\t\t\t\t<div class=\"entry-thumbnail\">\n\t\t\t\t\t\t\t\t    \t\t\t\t\t<a href=\"https:\/\/quadrioarts.com.br\/en\/2021\/02\/06\/autorretrato\/\">\n\t\t\t\t\t\t<figure class=\"\u02dcimagem-tijolos\u02dc\">\n                            <img loading=\"lazy\" decoding=\"async\" width=\"3024\" height=\"4032\" src=\"https:\/\/quadrioarts.com.br\/wp-content\/uploads\/2021\/02\/IMG_8940.jpg\" class=\"aligncenter wp-post-image\" alt=\"\" srcset=\"https:\/\/quadrioarts.com.br\/wp-content\/uploads\/2021\/02\/IMG_8940.jpg 3024w, https:\/\/quadrioarts.com.br\/wp-content\/uploads\/2021\/02\/IMG_8940-768x1024.jpg 768w, https:\/\/quadrioarts.com.br\/wp-content\/uploads\/2021\/02\/IMG_8940-1152x1536.jpg 1152w, https:\/\/quadrioarts.com.br\/wp-content\/uploads\/2021\/02\/IMG_8940-1536x2048.jpg 1536w\" sizes=\"auto, (max-width: 3024px) 100vw, 3024px\" \/>                        \n                                                        <header class=\"titulo-serie\"> <em>On the Ballpen Series<\/em><\/header>\n                                                        \n                            <header class=\"entry-header titulo-tijolos\">\n                                Self Portrait<h2 class=\"entry-title\">                            <\/header><!-- .entry-header -->\t\n                        \n                        <\/figure>   \n                        \n\t\t\t\t\t<\/a>\n\t\t\t\t\n\t\t\t\t\t\t\t<\/div>\n\t\t\n\t\t\n\n\t\t<div class=\"entry-content\">\n\t\t\t\n\t\t<\/div><!-- .entry-content -->\n\n\t<\/div>\n\n<\/article>\n\n<article id=\"post-295\" class=\"archive-entry post-295 post type-post status-publish format-image has-post-thumbnail hentry category-desenho post_format-post-format-image\">\n\n\t<div class=\"masonry-entry-content\">\n\n\t\t\t\t\t<div class=\"entry-thumbnail\">\n\t\t\t\t\t\t\t\t    \t\t\t\t\t<a href=\"https:\/\/quadrioarts.com.br\/en\/2021\/02\/06\/grafite-02\/\">\n\t\t\t\t\t\t<figure class=\"\u02dcimagem-tijolos\u02dc\">\n                            <img loading=\"lazy\" decoding=\"async\" width=\"400\" height=\"559\" src=\"https:\/\/quadrioarts.com.br\/wp-content\/uploads\/2020\/11\/desenho-2017-1.jpg\" class=\"aligncenter wp-post-image\" alt=\"\" srcset=\"https:\/\/quadrioarts.com.br\/wp-content\/uploads\/2020\/11\/desenho-2017-1.jpg 400w, https:\/\/quadrioarts.com.br\/wp-content\/uploads\/2020\/11\/desenho-2017-1-215x300.jpg 215w\" sizes=\"auto, (max-width: 400px) 100vw, 400px\" \/>                        \n                                                        \n                            <header class=\"entry-header titulo-tijolos\">\n                                Graphite 02<h2 class=\"entry-title\">                            <\/header><!-- .entry-header -->\t\n                        \n                        <\/figure>   \n                        \n\t\t\t\t\t<\/a>\n\t\t\t\t\n\t\t\t\t\t\t\t<\/div>\n\t\t\n\t\t\n\n\t\t<div class=\"entry-content\">\n\t\t\t\n\t\t<\/div><!-- .entry-content -->\n\n\t<\/div>\n\n<\/article>\n\n<article id=\"post-297\" class=\"archive-entry post-297 post type-post status-publish format-image has-post-thumbnail hentry category-desenho post_format-post-format-image\">\n\n\t<div class=\"masonry-entry-content\">\n\n\t\t\t\t\t<div class=\"entry-thumbnail\">\n\t\t\t\t\t\t\t\t    \t\t\t\t\t<a href=\"https:\/\/quadrioarts.com.br\/en\/2021\/02\/06\/esferografica\/\">\n\t\t\t\t\t\t<figure class=\"\u02dcimagem-tijolos\u02dc\">\n                            <img loading=\"lazy\" decoding=\"async\" width=\"1732\" height=\"2479\" src=\"https:\/\/quadrioarts.com.br\/wp-content\/uploads\/2021\/02\/img403.jpg\" class=\"aligncenter wp-post-image\" alt=\"\" srcset=\"https:\/\/quadrioarts.com.br\/wp-content\/uploads\/2021\/02\/img403.jpg 1732w, https:\/\/quadrioarts.com.br\/wp-content\/uploads\/2021\/02\/img403-768x1099.jpg 768w, https:\/\/quadrioarts.com.br\/wp-content\/uploads\/2021\/02\/img403-1073x1536.jpg 1073w, https:\/\/quadrioarts.com.br\/wp-content\/uploads\/2021\/02\/img403-1431x2048.jpg 1431w\" sizes=\"auto, (max-width: 1732px) 100vw, 1732px\" \/>                        \n                                                        \n                            <header class=\"entry-header titulo-tijolos\">\n                                Ballpen Portrait<h2 class=\"entry-title\">                            <\/header><!-- .entry-header -->\t\n                        \n                        <\/figure>   \n                        \n\t\t\t\t\t<\/a>\n\t\t\t\t\n\t\t\t\t\t\t\t<\/div>\n\t\t\n\t\t\n\n\t\t<div class=\"entry-content\">\n\t\t\t\n\t\t<\/div><!-- .entry-content -->\n\n\t<\/div>\n\n<\/article>\n\t<\/div><\/div><\/div><\/div><\/div>","protected":false},"excerpt":{"rendered":"<p>S\u00e9rie Retratos Morgan Freeman Olhar Estudo da cabe\u00e7a humana S\u00e9rie Fanarts Ash Ketchum (Pok\u00e9mon) S\u00e9rie Retratos Tim Burton S\u00e9rie Surrealismos Surrealismo 01 S\u00e9rie Na Caneta Esferogr\u00e1fica Auto Retrato Grafite 02 Retrato Esferogr\u00e1fica<\/p>","protected":false},"author":1,"featured_media":0,"parent":0,"menu_order":0,"comment_status":"closed","ping_status":"closed","template":"","meta":{"footnotes":""},"class_list":["post-261","page","type-page","status-publish","hentry","post"],"_links":{"self":[{"href":"https:\/\/quadrioarts.com.br\/en\/wp-json\/wp\/v2\/pages\/261","targetHints":{"allow":["GET"]}}],"collection":[{"href":"https:\/\/quadrioarts.com.br\/en\/wp-json\/wp\/v2\/pages"}],"about":[{"href":"https:\/\/quadrioarts.com.br\/en\/wp-json\/wp\/v2\/types\/page"}],"author":[{"embeddable":true,"href":"https:\/\/quadrioarts.com.br\/en\/wp-json\/wp\/v2\/users\/1"}],"replies":[{"embeddable":true,"href":"https:\/\/quadrioarts.com.br\/en\/wp-json\/wp\/v2\/comments?post=261"}],"version-history":[{"count":6,"href":"https:\/\/quadrioarts.com.br\/en\/wp-json\/wp\/v2\/pages\/261\/revisions"}],"predecessor-version":[{"id":280,"href":"https:\/\/quadrioarts.com.br\/en\/wp-json\/wp\/v2\/pages\/261\/revisions\/280"}],"wp:attachment":[{"href":"https:\/\/quadrioarts.com.br\/en\/wp-json\/wp\/v2\/media?parent=261"}],"curies":[{"name":"wp","href":"https:\/\/api.w.org\/{rel}","templated":true}]}}