{"id":117,"date":"2020-12-05T17:39:54","date_gmt":"2020-12-05T19:39:54","guid":{"rendered":"https:\/\/quadrioarts.com.br\/?page_id=117"},"modified":"2020-12-05T18:43:23","modified_gmt":"2020-12-05T20:43:23","slug":"oleo","status":"publish","type":"page","link":"https:\/\/quadrioarts.com.br\/en\/pinturas\/oleo\/","title":{"rendered":"Oil"},"content":{"rendered":"<div id=\"pl-117\"  class=\"panel-layout\" ><div id=\"pg-117-0\"  class=\"panel-grid panel-no-style\" ><div id=\"pgc-117-0-0\"  class=\"panel-grid-cell\" ><div id=\"panel-117-0-0-0\" class=\"so-panel widget widget_siteorigin-panels-postloop panel-first-child panel-last-child\" data-index=\"0\" >\n\n\t<div class=\"blog-layout-masonry\">\n\t\t\n<article id=\"post-121\" class=\"archive-entry post-121 post type-post status-publish format-standard has-post-thumbnail hentry category-oleo\">\n\n\t<div class=\"masonry-entry-content\">\n\n\t\t\t\t\t<div class=\"entry-thumbnail\">\n\t\t\t\t\t\t\t\t    \t\t\t\t\t<a href=\"https:\/\/quadrioarts.com.br\/en\/2020\/12\/05\/solitude-descricao\/\">\n\t\t\t\t\t\t<figure class=\"\u02dcimagem-tijolos\u02dc\">\n                            <img loading=\"lazy\" decoding=\"async\" width=\"1920\" height=\"2560\" src=\"https:\/\/quadrioarts.com.br\/wp-content\/uploads\/2020\/12\/oleo1-min-scaled.jpg\" class=\"aligncenter wp-post-image\" alt=\"\" srcset=\"https:\/\/quadrioarts.com.br\/wp-content\/uploads\/2020\/12\/oleo1-min-scaled.jpg 1920w, https:\/\/quadrioarts.com.br\/wp-content\/uploads\/2020\/12\/oleo1-min-225x300.jpg 225w, https:\/\/quadrioarts.com.br\/wp-content\/uploads\/2020\/12\/oleo1-min-768x1024.jpg 768w, https:\/\/quadrioarts.com.br\/wp-content\/uploads\/2020\/12\/oleo1-min-1152x1536.jpg 1152w, https:\/\/quadrioarts.com.br\/wp-content\/uploads\/2020\/12\/oleo1-min-1536x2048.jpg 1536w\" sizes=\"auto, (max-width: 1920px) 100vw, 1920px\" \/>                        \n                                                        <header class=\"titulo-serie\"> <em>Solitude in the City of S\u00e3o Paulo<\/em><\/header>\n                                                        \n                            <header class=\"entry-header titulo-tijolos\">\n                                Solitude &#8211; Tela 01<h2 class=\"entry-title\">                            <\/header><!-- .entry-header -->\t\n                        \n                        <\/figure>   \n                        \n\t\t\t\t\t<\/a>\n\t\t\t\t\n\t\t\t\t\t\t\t<\/div>\n\t\t\n\t\t\n\n\t\t<div class=\"entry-content\">\n\t\t\t\n\t\t<\/div><!-- .entry-content -->\n\n\t<\/div>\n\n<\/article>\n\n<article id=\"post-127\" class=\"archive-entry post-127 post type-post status-publish format-image has-post-thumbnail hentry category-oleo post_format-post-format-image\">\n\n\t<div class=\"masonry-entry-content\">\n\n\t\t\t\t\t<div class=\"entry-thumbnail\">\n\t\t\t\t\t\t\t\t    \t\t\t\t\t<a href=\"https:\/\/quadrioarts.com.br\/en\/2020\/12\/05\/solitude-tela-02\/\">\n\t\t\t\t\t\t<figure class=\"\u02dcimagem-tijolos\u02dc\">\n                            <img loading=\"lazy\" decoding=\"async\" width=\"620\" height=\"908\" src=\"https:\/\/quadrioarts.com.br\/wp-content\/uploads\/2020\/12\/oleo2-min.jpg\" class=\"aligncenter wp-post-image\" alt=\"\" srcset=\"https:\/\/quadrioarts.com.br\/wp-content\/uploads\/2020\/12\/oleo2-min.jpg 620w, https:\/\/quadrioarts.com.br\/wp-content\/uploads\/2020\/12\/oleo2-min-205x300.jpg 205w\" sizes=\"auto, (max-width: 620px) 100vw, 620px\" \/>                        \n                                                        <header class=\"titulo-serie\"> <em>Solitude in the City of S\u00e3o Paulo<\/em><\/header>\n                                                        \n                            <header class=\"entry-header titulo-tijolos\">\n                                Solitude &#8211; Tela 02<h2 class=\"entry-title\">                            <\/header><!-- .entry-header -->\t\n                        \n                        <\/figure>   \n                        \n\t\t\t\t\t<\/a>\n\t\t\t\t\n\t\t\t\t\t\t\t<\/div>\n\t\t\n\t\t\n\n\t\t<div class=\"entry-content\">\n\t\t\t\n\t\t<\/div><!-- .entry-content -->\n\n\t<\/div>\n\n<\/article>\n\n<article id=\"post-130\" class=\"archive-entry post-130 post type-post status-publish format-image has-post-thumbnail hentry category-oleo post_format-post-format-image\">\n\n\t<div class=\"masonry-entry-content\">\n\n\t\t\t\t\t<div class=\"entry-thumbnail\">\n\t\t\t\t\t\t\t\t    \t\t\t\t\t<a href=\"https:\/\/quadrioarts.com.br\/en\/2020\/12\/05\/solitude-tela-03\/\">\n\t\t\t\t\t\t<figure class=\"\u02dcimagem-tijolos\u02dc\">\n                            <img loading=\"lazy\" decoding=\"async\" width=\"614\" height=\"862\" src=\"https:\/\/quadrioarts.com.br\/wp-content\/uploads\/2020\/12\/oleo3-min.jpg\" class=\"aligncenter wp-post-image\" alt=\"\" srcset=\"https:\/\/quadrioarts.com.br\/wp-content\/uploads\/2020\/12\/oleo3-min.jpg 614w, https:\/\/quadrioarts.com.br\/wp-content\/uploads\/2020\/12\/oleo3-min-214x300.jpg 214w\" sizes=\"auto, (max-width: 614px) 100vw, 614px\" \/>                        \n                                                        <header class=\"titulo-serie\"> <em>Solitude in the City of S\u00e3o Paulo<\/em><\/header>\n                                                        \n                            <header class=\"entry-header titulo-tijolos\">\n                                Solitude &#8211; Tela 03<h2 class=\"entry-title\">                            <\/header><!-- .entry-header -->\t\n                        \n                        <\/figure>   \n                        \n\t\t\t\t\t<\/a>\n\t\t\t\t\n\t\t\t\t\t\t\t<\/div>\n\t\t\n\t\t\n\n\t\t<div class=\"entry-content\">\n\t\t\t\n\t\t<\/div><!-- .entry-content -->\n\n\t<\/div>\n\n<\/article>\n\n<article id=\"post-133\" class=\"archive-entry post-133 post type-post status-publish format-image has-post-thumbnail hentry category-oleo post_format-post-format-image\">\n\n\t<div class=\"masonry-entry-content\">\n\n\t\t\t\t\t<div class=\"entry-thumbnail\">\n\t\t\t\t\t\t\t\t    \t\t\t\t\t<a href=\"https:\/\/quadrioarts.com.br\/en\/2020\/12\/05\/solitude-tela-04\/\">\n\t\t\t\t\t\t<figure class=\"\u02dcimagem-tijolos\u02dc\">\n                            <img loading=\"lazy\" decoding=\"async\" width=\"596\" height=\"743\" src=\"https:\/\/quadrioarts.com.br\/wp-content\/uploads\/2020\/12\/oleo4-min.jpg\" class=\"aligncenter wp-post-image\" alt=\"\" srcset=\"https:\/\/quadrioarts.com.br\/wp-content\/uploads\/2020\/12\/oleo4-min.jpg 596w, https:\/\/quadrioarts.com.br\/wp-content\/uploads\/2020\/12\/oleo4-min-241x300.jpg 241w\" sizes=\"auto, (max-width: 596px) 100vw, 596px\" \/>                        \n                                                        <header class=\"titulo-serie\"> <em>Solitude in the City of S\u00e3o Paulo<\/em><\/header>\n                                                        \n                            <header class=\"entry-header titulo-tijolos\">\n                                Solitude &#8211; Tela 04<h2 class=\"entry-title\">                            <\/header><!-- .entry-header -->\t\n                        \n                        <\/figure>   \n                        \n\t\t\t\t\t<\/a>\n\t\t\t\t\n\t\t\t\t\t\t\t<\/div>\n\t\t\n\t\t\n\n\t\t<div class=\"entry-content\">\n\t\t\t\n\t\t<\/div><!-- .entry-content -->\n\n\t<\/div>\n\n<\/article>\n\n<article id=\"post-136\" class=\"archive-entry post-136 post type-post status-publish format-image has-post-thumbnail hentry category-oleo post_format-post-format-image\">\n\n\t<div class=\"masonry-entry-content\">\n\n\t\t\t\t\t<div class=\"entry-thumbnail\">\n\t\t\t\t\t\t\t\t    \t\t\t\t\t<a href=\"https:\/\/quadrioarts.com.br\/en\/2020\/12\/05\/solitude-tela-05\/\">\n\t\t\t\t\t\t<figure class=\"\u02dcimagem-tijolos\u02dc\">\n                            <img loading=\"lazy\" decoding=\"async\" width=\"1773\" height=\"2560\" src=\"https:\/\/quadrioarts.com.br\/wp-content\/uploads\/2020\/12\/oleo5-min-scaled.jpg\" class=\"aligncenter wp-post-image\" alt=\"\" srcset=\"https:\/\/quadrioarts.com.br\/wp-content\/uploads\/2020\/12\/oleo5-min-scaled.jpg 1773w, https:\/\/quadrioarts.com.br\/wp-content\/uploads\/2020\/12\/oleo5-min-208x300.jpg 208w, https:\/\/quadrioarts.com.br\/wp-content\/uploads\/2020\/12\/oleo5-min-709x1024.jpg 709w, https:\/\/quadrioarts.com.br\/wp-content\/uploads\/2020\/12\/oleo5-min-768x1109.jpg 768w, https:\/\/quadrioarts.com.br\/wp-content\/uploads\/2020\/12\/oleo5-min-1064x1536.jpg 1064w, https:\/\/quadrioarts.com.br\/wp-content\/uploads\/2020\/12\/oleo5-min-1418x2048.jpg 1418w\" sizes=\"auto, (max-width: 1773px) 100vw, 1773px\" \/>                        \n                                                        <header class=\"titulo-serie\"> <em>Solitude in the City of S\u00e3o Paulo<\/em><\/header>\n                                                        \n                            <header class=\"entry-header titulo-tijolos\">\n                                Solitude &#8211; Tela 05<h2 class=\"entry-title\">                            <\/header><!-- .entry-header -->\t\n                        \n                        <\/figure>   \n                        \n\t\t\t\t\t<\/a>\n\t\t\t\t\n\t\t\t\t\t\t\t<\/div>\n\t\t\n\t\t\n\n\t\t<div class=\"entry-content\">\n\t\t\t\n\t\t<\/div><!-- .entry-content -->\n\n\t<\/div>\n\n<\/article>\n\n<article id=\"post-142\" class=\"archive-entry post-142 post type-post status-publish format-image has-post-thumbnail hentry category-oleo post_format-post-format-image\">\n\n\t<div class=\"masonry-entry-content\">\n\n\t\t\t\t\t<div class=\"entry-thumbnail\">\n\t\t\t\t\t\t\t\t    \t\t\t\t\t<a href=\"https:\/\/quadrioarts.com.br\/en\/2020\/12\/05\/solitude-tela-06\/\">\n\t\t\t\t\t\t<figure class=\"\u02dcimagem-tijolos\u02dc\">\n                            <img loading=\"lazy\" decoding=\"async\" width=\"586\" height=\"838\" src=\"https:\/\/quadrioarts.com.br\/wp-content\/uploads\/2020\/12\/oleo6-min.jpg\" class=\"aligncenter wp-post-image\" alt=\"\" srcset=\"https:\/\/quadrioarts.com.br\/wp-content\/uploads\/2020\/12\/oleo6-min.jpg 586w, https:\/\/quadrioarts.com.br\/wp-content\/uploads\/2020\/12\/oleo6-min-210x300.jpg 210w\" sizes=\"auto, (max-width: 586px) 100vw, 586px\" \/>                        \n                                                        <header class=\"titulo-serie\"> <em>Solitude in the City of S\u00e3o Paulo<\/em><\/header>\n                                                        \n                            <header class=\"entry-header titulo-tijolos\">\n                                Solitude &#8211; Tela 06<h2 class=\"entry-title\">                            <\/header><!-- .entry-header -->\t\n                        \n                        <\/figure>   \n                        \n\t\t\t\t\t<\/a>\n\t\t\t\t\n\t\t\t\t\t\t\t<\/div>\n\t\t\n\t\t\n\n\t\t<div class=\"entry-content\">\n\t\t\t\n\t\t<\/div><!-- .entry-content -->\n\n\t<\/div>\n\n<\/article>\n\t<\/div><\/div><\/div><\/div><\/div>","protected":false},"excerpt":{"rendered":"<p>S\u00e9rie Solitude na Cidade de S\u00e3o Paulo Solitude &#8211; Tela 01 S\u00e9rie Solitude na Cidade de S\u00e3o Paulo Solitude &#8211; Tela 02 S\u00e9rie Solitude na Cidade de S\u00e3o Paulo Solitude &#8211; Tela 03 S\u00e9rie Solitude na Cidade de S\u00e3o Paulo Solitude &#8211; Tela 04 S\u00e9rie Solitude na Cidade de S\u00e3o Paulo Solitude &#8211; Tela 05&hellip;<\/p>","protected":false},"author":1,"featured_media":0,"parent":84,"menu_order":0,"comment_status":"closed","ping_status":"closed","template":"","meta":{"footnotes":""},"class_list":["post-117","page","type-page","status-publish","hentry","post"],"_links":{"self":[{"href":"https:\/\/quadrioarts.com.br\/en\/wp-json\/wp\/v2\/pages\/117","targetHints":{"allow":["GET"]}}],"collection":[{"href":"https:\/\/quadrioarts.com.br\/en\/wp-json\/wp\/v2\/pages"}],"about":[{"href":"https:\/\/quadrioarts.com.br\/en\/wp-json\/wp\/v2\/types\/page"}],"author":[{"embeddable":true,"href":"https:\/\/quadrioarts.com.br\/en\/wp-json\/wp\/v2\/users\/1"}],"replies":[{"embeddable":true,"href":"https:\/\/quadrioarts.com.br\/en\/wp-json\/wp\/v2\/comments?post=117"}],"version-history":[{"count":4,"href":"https:\/\/quadrioarts.com.br\/en\/wp-json\/wp\/v2\/pages\/117\/revisions"}],"predecessor-version":[{"id":140,"href":"https:\/\/quadrioarts.com.br\/en\/wp-json\/wp\/v2\/pages\/117\/revisions\/140"}],"up":[{"embeddable":true,"href":"https:\/\/quadrioarts.com.br\/en\/wp-json\/wp\/v2\/pages\/84"}],"wp:attachment":[{"href":"https:\/\/quadrioarts.com.br\/en\/wp-json\/wp\/v2\/media?parent=117"}],"curies":[{"name":"wp","href":"https:\/\/api.w.org\/{rel}","templated":true}]}}